{"id":415,"date":"2025-01-27T15:29:41","date_gmt":"2025-01-27T15:29:41","guid":{"rendered":"http:\/\/localhost\/frprcs17\/?page_id=415"},"modified":"2025-02-26T22:39:16","modified_gmt":"2025-02-26T22:39:16","slug":"how-to-get-to-girona","status":"publish","type":"page","link":"https:\/\/frprcs17.com\/?page_id=415","title":{"rendered":"Travel information"},"content":{"rendered":"\t\t<div data-elementor-type=\"wp-page\" data-elementor-id=\"415\" class=\"elementor elementor-415\">\n\t\t\t\t<div class=\"elementor-element elementor-element-1875e209 e-flex e-con-boxed e-con e-parent\" data-id=\"1875e209\" data-element_type=\"container\">\n\t\t\t\t\t<div class=\"e-con-inner\">\n\t\t\t\t<div class=\"elementor-element elementor-element-564b87f1 elementor-widget__width-inherit elementor-widget elementor-widget-spacer\" data-id=\"564b87f1\" data-element_type=\"widget\" data-widget_type=\"spacer.default\">\n\t\t\t\t<div class=\"elementor-widget-container\">\n\t\t\t\t\t\t\t<div class=\"elementor-spacer\">\n\t\t\t<div class=\"elementor-spacer-inner\"><\/div>\n\t\t<\/div>\n\t\t\t\t\t\t<\/div>\n\t\t\t\t<\/div>\n\t\t<div class=\"elementor-element elementor-element-3ed1e0e8 e-con-full e-flex e-con e-child\" data-id=\"3ed1e0e8\" data-element_type=\"container\">\n\t\t\t\t<div class=\"elementor-element elementor-element-580f88c elementor-widget elementor-widget-heading\" data-id=\"580f88c\" data-element_type=\"widget\" data-widget_type=\"heading.default\">\n\t\t\t\t<div class=\"elementor-widget-container\">\n\t\t\t\t\t<h1 class=\"elementor-heading-title elementor-size-default\">Travel Information<\/h1>\t\t\t\t<\/div>\n\t\t\t\t<\/div>\n\t\t\t\t<\/div>\n\t\t\t\t\t<\/div>\n\t\t\t\t<\/div>\n\t\t<div class=\"elementor-element elementor-element-15f4854 e-flex e-con-boxed e-con e-parent\" data-id=\"15f4854\" data-element_type=\"container\" data-settings=\"{&quot;background_background&quot;:&quot;classic&quot;}\">\n\t\t\t\t\t<div class=\"e-con-inner\">\n\t\t\t\t<div class=\"elementor-element elementor-element-65dbc85 elementor-widget elementor-widget-text-editor\" data-id=\"65dbc85\" data-element_type=\"widget\" data-widget_type=\"text-editor.default\">\n\t\t\t\t<div class=\"elementor-widget-container\">\n\t\t\t\t\t\t\t\t\t<h3 dir=\"ltr\">By plane to Barcelona Airport and from there to Girona<\/h3>\n<h4 dir=\"ltr\">by train (from Barcelona Sants)<\/h4>\n<p dir=\"ltr\">Please note: There is no direct train to Girona from Barcelona airport. <br>First you need to go to Barcelona Sants Train Station. If you arrive at&nbsp; terminal T1, you need to take the shuttle bus that connects the two terminals. From terminal T2 you can take:<\/p>\n<ol>\n<li dir=\"ltr\" aria-level=\"1\">\n<p dir=\"ltr\" role=\"presentation\">Express bus from Barcelona airport (<a href=\"https:\/\/aerobusbarcelona.es\/?lang=ca\" target=\"_blank\" rel=\"noopener\">Aerob\u00fas<\/a>), get off at the Plaza de Espa\u00f1a stop. From Plaza de Espa\u00f1a, take the green metro line (L3, direction Zona Universitaria) and two stops later you will arrive at Sants station.<\/p>\n<\/li>\n<li dir=\"ltr\" aria-level=\"1\">\n<p dir=\"ltr\" role=\"presentation\">Train from Barcelona airport. The entrance to the station is located in terminal T2B. It can also be reached via the stairs that lead to the departure hall. Follow the RENFE signs over a covered bridge outside the airport. The station is at the bottom of the stairs, on the other side.<\/p>\n<\/li>\n<\/ol>\n<p dir=\"ltr\">From Sants Estaci\u00f3, there is a regional train (slower) and a high speed train (AVE).<\/p>\n<h4 dir=\"ltr\">by bus from Barcelona Airport to Girona<\/h4>\n<p dir=\"ltr\">A bus goes direct to Girona (<a href=\"https:\/\/www.sagalesairportline.com\/en\" target=\"_blank\" rel=\"noopener\">Sagal\u00e9s airport line<\/a>). In terminal T1 the bus stops at platforms 10-11-12 and in terminal T2 it stops in zone C Interurban Bus Stop.<\/p>\n<p dir=\"ltr\">by taxi: You can find a taxi at Barcelona airport outside the arrivals in both Terminal 1 and 2 (just follow the signs). Taxis operate 24h. Beware that Girona is nearly 100km from Barcelona and the cost of a taxi will be high.&nbsp;<\/p>\n<p dir=\"ltr\">People who have special needs or require a taxi specifically equipped for passengers with disabilities, can call +34 93 420 8088<\/p>\n<h3 dir=\"ltr\">By train<\/h3>\n<p dir=\"ltr\">Adif Girona railway station, located in the centre of Girona city, offers regional, national, and international rail services. As well as the regular lines, Girona station is a stop on the Madrid \u2013 Zaragoza \u2013 Barcelona \u2013 French border high-speed line (AVE), one of the main transport links between Spain and the rest of Europe.<\/p>\n<h3 dir=\"ltr\">By car<\/h3>\n<p dir=\"ltr\">The main roads to get to Girona from different parts of the State are:<\/p>\n<ul>\n<li dir=\"ltr\" aria-level=\"1\">\n<p dir=\"ltr\" role=\"presentation\">Northeast Highway (A-2): connects Madrid with Barcelona passing through Guadalajara, Zaragoza and Lleida among many other locations. When you arrive in Barcelona you must take the AP-7 to Girona (exit 6B, Girona Oeste).<\/p>\n<\/li>\n<li dir=\"ltr\" aria-level=\"1\">\n<p dir=\"ltr\" role=\"presentation\">Northeast Highway (AP-2): between Alfajar\u00edn (province of Zaragoza) and El Vendrell (province of Tarragona). It ends up joining the AP-7. You must continue towards Barcelona and continue until Girona (exit 6B, Girona Oeste).<\/p>\n<\/li>\n<li dir=\"ltr\" aria-level=\"1\">\n<p dir=\"ltr\" role=\"presentation\">Mediterranean Highway (A-7): runs from Algeciras to Barcelona, passing through these towns: M\u00e1laga, Motril, Almer\u00eda, Murcia, Orihuela, Elche, Alicante, Valencia, Castell\u00f3n de la Plana, Tarragona and Barcelona. Once you arrive in Barcelona, you must take the AP-7 towards Girona (exit 6B, Girona Oeste). It is not a continuous section road but rather supplementary sections to the Mediterranean Highway or AP-7.<\/p>\n<\/li>\n<li dir=\"ltr\" aria-level=\"1\">\n<p dir=\"ltr\" role=\"presentation\">Mediterranean Highway (AP-7): connects the entire coastline along the Mediterranean Sea, from Algeciras to La Jonquera. The exit from Girona is 6B, Girona Oeste.<\/p>\n<\/li>\n<\/ul>\n<h3 dir=\"ltr\">Additional travel options:<\/h3>\n<h4 dir=\"ltr\">Girona-Costa Brava Airport<\/h4>\n<p dir=\"ltr\">Girona-Costa Brava Airport has regular flights from cities in Europe and other parts of Spain. The airport is located about 12 km \/ 7 mi outside Girona, with good road connections to the city centre by car, coach or taxi. Road access into Girona city is by the N-II main road or the AP-7 motorway. At the airport there are several car hire companies, an official taxi rank, and a coach service into Girona bus station.<\/p>\n<h4 dir=\"ltr\">Aeroport de Perpiny\u00e0-Rivesaltes<\/h4>\n<p dir=\"ltr\">Perpignan\u2019s small airport is just 110 km \/ 68 mi from Girona. There is good motorway access to Girona, and several coach companies offer a regular service.<\/p><p dir=\"ltr\"><br><\/p>\t\t\t\t\t\t\t\t<\/div>\n\t\t\t\t<\/div>\n\t\t\t\t\t<\/div>\n\t\t\t\t<\/div>\n\t\t<div class=\"elementor-element elementor-element-7520400 e-con-full e-flex e-con e-parent\" data-id=\"7520400\" data-element_type=\"container\">\n\t\t\t\t<div class=\"elementor-element elementor-element-dfb06aa elementor-widget elementor-widget-google_maps\" data-id=\"dfb06aa\" data-element_type=\"widget\" data-widget_type=\"google_maps.default\">\n\t\t\t\t<div class=\"elementor-widget-container\">\n\t\t\t\t\t\t\t<div class=\"elementor-custom-embed\">\n\t\t\t<iframe loading=\"lazy\"\n\t\t\t\t\tsrc=\"https:\/\/maps.google.com\/maps?q=girona%2C%20Spain&#038;t=m&#038;z=11&#038;output=embed&#038;iwloc=near\"\n\t\t\t\t\ttitle=\"girona, Spain\"\n\t\t\t\t\taria-label=\"girona, Spain\"\n\t\t\t><\/iframe>\n\t\t<\/div>\n\t\t\t\t\t\t<\/div>\n\t\t\t\t<\/div>\n\t\t\t\t<\/div>\n\t\t\t\t<\/div>\n\t\t","protected":false},"excerpt":{"rendered":"<p>Travel Information By plane to Barcelona Airport and from there to Girona by train (from Barcelona Sants) Please note: There is no direct train to Girona from Barcelona airport. First you need to go to Barcelona Sants Train Station. If you arrive at&nbsp; terminal T1, you need to take the shuttle bus that connects the&#8230;<\/p>\n","protected":false},"author":1,"featured_media":0,"parent":0,"menu_order":0,"comment_status":"closed","ping_status":"closed","template":"elementor_header_footer","meta":{"footnotes":""},"class_list":["post-415","page","type-page","status-publish","hentry"],"_links":{"self":[{"href":"https:\/\/frprcs17.com\/index.php?rest_route=\/wp\/v2\/pages\/415","targetHints":{"allow":["GET"]}}],"collection":[{"href":"https:\/\/frprcs17.com\/index.php?rest_route=\/wp\/v2\/pages"}],"about":[{"href":"https:\/\/frprcs17.com\/index.php?rest_route=\/wp\/v2\/types\/page"}],"author":[{"embeddable":true,"href":"https:\/\/frprcs17.com\/index.php?rest_route=\/wp\/v2\/users\/1"}],"replies":[{"embeddable":true,"href":"https:\/\/frprcs17.com\/index.php?rest_route=%2Fwp%2Fv2%2Fcomments&post=415"}],"version-history":[{"count":64,"href":"https:\/\/frprcs17.com\/index.php?rest_route=\/wp\/v2\/pages\/415\/revisions"}],"predecessor-version":[{"id":1412,"href":"https:\/\/frprcs17.com\/index.php?rest_route=\/wp\/v2\/pages\/415\/revisions\/1412"}],"wp:attachment":[{"href":"https:\/\/frprcs17.com\/index.php?rest_route=%2Fwp%2Fv2%2Fmedia&parent=415"}],"curies":[{"name":"wp","href":"https:\/\/api.w.org\/{rel}","templated":true}]}}