{"id":2715,"date":"2026-05-07T14:06:52","date_gmt":"2026-05-07T14:06:52","guid":{"rendered":"https:\/\/frprcs17.com\/?page_id=2715"},"modified":"2026-05-07T14:50:36","modified_gmt":"2026-05-07T14:50:36","slug":"technical-visits","status":"publish","type":"page","link":"https:\/\/frprcs17.com\/?page_id=2715","title":{"rendered":"Technical Visits"},"content":{"rendered":"\t\t<div data-elementor-type=\"wp-page\" data-elementor-id=\"2715\" class=\"elementor elementor-2715\">\n\t\t\t\t<div class=\"elementor-element elementor-element-590bc0af e-flex e-con-boxed e-con e-parent\" data-id=\"590bc0af\" data-element_type=\"container\">\n\t\t\t\t\t<div class=\"e-con-inner\">\n\t\t\t\t<div class=\"elementor-element elementor-element-6877d75a elementor-widget__width-inherit elementor-widget elementor-widget-spacer\" data-id=\"6877d75a\" data-element_type=\"widget\" data-widget_type=\"spacer.default\">\n\t\t\t\t<div class=\"elementor-widget-container\">\n\t\t\t\t\t\t\t<div class=\"elementor-spacer\">\n\t\t\t<div class=\"elementor-spacer-inner\"><\/div>\n\t\t<\/div>\n\t\t\t\t\t\t<\/div>\n\t\t\t\t<\/div>\n\t\t<div class=\"elementor-element elementor-element-797c2883 e-con-full e-flex e-con e-child\" data-id=\"797c2883\" data-element_type=\"container\">\n\t\t\t\t<div class=\"elementor-element elementor-element-145c9cc5 elementor-widget elementor-widget-heading\" data-id=\"145c9cc5\" data-element_type=\"widget\" data-widget_type=\"heading.default\">\n\t\t\t\t<div class=\"elementor-widget-container\">\n\t\t\t\t\t<h1 class=\"elementor-heading-title elementor-size-default\">Technical visits in Barcelona\n<\/h1>\t\t\t\t<\/div>\n\t\t\t\t<\/div>\n\t\t\t\t<div class=\"elementor-element elementor-element-5ab1fe6e elementor-widget elementor-widget-heading\" data-id=\"5ab1fe6e\" data-element_type=\"widget\" data-widget_type=\"heading.default\">\n\t\t\t\t<div class=\"elementor-widget-container\">\n\t\t\t\t\t<h4 class=\"elementor-heading-title elementor-size-default\">Wednesday July 8, 2026\n<\/h4>\t\t\t\t<\/div>\n\t\t\t\t<\/div>\n\t\t\t\t<\/div>\n\t\t\t\t\t<\/div>\n\t\t\t\t<\/div>\n\t\t<div class=\"elementor-element elementor-element-5709c7f4 e-flex e-con-boxed e-con e-parent\" data-id=\"5709c7f4\" data-element_type=\"container\" data-settings=\"{&quot;background_background&quot;:&quot;classic&quot;}\">\n\t\t\t\t\t<div class=\"e-con-inner\">\n\t\t\t\t<div class=\"elementor-element elementor-element-5ee9b587 elementor-widget elementor-widget-text-editor\" data-id=\"5ee9b587\" data-element_type=\"widget\" data-widget_type=\"text-editor.default\">\n\t\t\t\t<div class=\"elementor-widget-container\">\n\t\t\t\t\t\t\t\t\t<h3 dir=\"ltr\"><strong>Logistics &amp; luggage in Barcelona<\/strong><\/h3><p dir=\"ltr\">Bus transport will be arranged to take you from Girona Bus Station to your selected technical visit in Barcelona and will return to Girona at the end of the visit. Participants have the flexibility to either stay in Barcelona or return to Girona.<\/p><p>For those choosing to remain in Barcelona after the visit, please note that you will be responsible for your own belongings once the group departs. While you can store your luggage on the bus during the technical visit, you must retrieve it before the coach returns to Girona.<\/p>\t\t\t\t\t\t\t\t<\/div>\n\t\t\t\t<\/div>\n\t\t\t\t<div class=\"elementor-element elementor-element-11efaa55 elementor-widget elementor-widget-menu-anchor\" data-id=\"11efaa55\" data-element_type=\"widget\" data-widget_type=\"menu-anchor.default\">\n\t\t\t\t<div class=\"elementor-widget-container\">\n\t\t\t\t\t\t\t<div class=\"elementor-menu-anchor\" id=\"women-IIFC\"><\/div>\n\t\t\t\t\t\t<\/div>\n\t\t\t\t<\/div>\n\t\t\t\t\t<\/div>\n\t\t\t\t<\/div>\n\t\t<div class=\"elementor-element elementor-element-6885343c e-flex e-con-boxed e-con e-parent\" data-id=\"6885343c\" data-element_type=\"container\" data-settings=\"{&quot;background_background&quot;:&quot;classic&quot;}\">\n\t\t\t\t\t<div class=\"e-con-inner\">\n\t\t\t\t<div class=\"elementor-element elementor-element-3903cc6b elementor-widget elementor-widget-text-editor\" data-id=\"3903cc6b\" data-element_type=\"widget\" data-widget_type=\"text-editor.default\">\n\t\t\t\t<div class=\"elementor-widget-container\">\n\t\t\t\t\t\t\t\t\t<p>\u00a0<\/p><p>\u00a0<\/p>\t\t\t\t\t\t\t\t<\/div>\n\t\t\t\t<\/div>\n\t\t\t\t\t<\/div>\n\t\t\t\t<\/div>\n\t\t<div class=\"elementor-element elementor-element-317fed60 e-flex e-con-boxed e-con e-parent\" data-id=\"317fed60\" data-element_type=\"container\" data-settings=\"{&quot;background_background&quot;:&quot;classic&quot;}\">\n\t\t\t\t\t<div class=\"e-con-inner\">\n\t\t\t\t<div class=\"elementor-element elementor-element-63309c7 elementor-widget elementor-widget-menu-anchor\" data-id=\"63309c7\" data-element_type=\"widget\" data-widget_type=\"menu-anchor.default\">\n\t\t\t\t<div class=\"elementor-widget-container\">\n\t\t\t\t\t\t\t<div class=\"elementor-menu-anchor\" id=\"Option-1\"><\/div>\n\t\t\t\t\t\t<\/div>\n\t\t\t\t<\/div>\n\t\t\t\t<div class=\"elementor-element elementor-element-49375ebb elementor-widget__width-inherit elementor-widget elementor-widget-text-editor\" data-id=\"49375ebb\" data-element_type=\"widget\" data-widget_type=\"text-editor.default\">\n\t\t\t\t<div class=\"elementor-widget-container\">\n\t\t\t\t\t\t\t\t\t<h3 dir=\"ltr\">\u00a0<\/h3><h3 dir=\"ltr\"><strong>Option 1. Sagrada Familia<\/strong><\/h3><p>The Sagrada Fam\u00edlia represents one of the most innovative works in construction history. Designed by Antoni Gaud\u00ed, it combines advanced structural concepts with complex geometries and craftsmanship. Now largely completed, with its main structures finished and key towers nearing completion, it also serves as a living example of how traditional techniques integrate with modern technologies. The visit is especially significant in 2026, marking 100 years since the death of Gaud\u00ed.<\/p><p><strong><em>Visit accessible for people with reduced mobility.<\/em><\/strong><\/p>\t\t\t\t\t\t\t\t<\/div>\n\t\t\t\t<\/div>\n\t\t\t\t<div class=\"elementor-element elementor-element-188082f elementor-widget__width-initial elementor-widget elementor-widget-image\" data-id=\"188082f\" data-element_type=\"widget\" data-widget_type=\"image.default\">\n\t\t\t\t<div class=\"elementor-widget-container\">\n\t\t\t\t\t\t\t\t\t\t\t\t<figure class=\"wp-caption\">\n\t\t\t\t\t\t\t\t\t\t<img fetchpriority=\"high\" decoding=\"async\" width=\"800\" height=\"857\" src=\"https:\/\/frprcs17.com\/wp-content\/uploads\/2026\/05\/Sagrada_familia.jpg\" class=\"attachment-large size-large wp-image-2677\" alt=\"\" \/>\t\t\t\t\t\t\t\t\t\t\t<figcaption class=\"widget-image-caption wp-caption-text\">Sagrada Familia<\/figcaption>\n\t\t\t\t\t\t\t\t\t\t<\/figure>\n\t\t\t\t\t\t\t\t\t<\/div>\n\t\t\t\t<\/div>\n\t\t\t\t\t<\/div>\n\t\t\t\t<\/div>\n\t\t<div class=\"elementor-element elementor-element-30fe6489 e-flex e-con-boxed e-con e-parent\" data-id=\"30fe6489\" data-element_type=\"container\" data-settings=\"{&quot;background_background&quot;:&quot;classic&quot;}\">\n\t\t\t\t\t<div class=\"e-con-inner\">\n\t\t\t\t<div class=\"elementor-element elementor-element-ea6ce8a elementor-widget elementor-widget-menu-anchor\" data-id=\"ea6ce8a\" data-element_type=\"widget\" data-widget_type=\"menu-anchor.default\">\n\t\t\t\t<div class=\"elementor-widget-container\">\n\t\t\t\t\t\t\t<div class=\"elementor-menu-anchor\" id=\"Option-2\"><\/div>\n\t\t\t\t\t\t<\/div>\n\t\t\t\t<\/div>\n\t\t\t\t<div class=\"elementor-element elementor-element-23cbff99 elementor-widget__width-inherit elementor-widget elementor-widget-text-editor\" data-id=\"23cbff99\" data-element_type=\"widget\" data-widget_type=\"text-editor.default\">\n\t\t\t\t<div class=\"elementor-widget-container\">\n\t\t\t\t\t\t\t\t\t<h3 dir=\"ltr\">\u00a0<\/h3><h3 dir=\"ltr\"><strong>Option 2.\u00a0<\/strong><\/h3><p>Details of this technical visit have been shared with registered participants through the conference official CONFTOOL platform.<\/p><p>Note: access limited \u2014 only full-registered delegates and students.\u00a0<\/p><p><strong><em>Visit not accessible for people with reduced mobility.<\/em><\/strong><\/p><p><strong>Max. 20 people <\/strong>(in case of overbooking, the first 20 registrations will be considered)<\/p>\t\t\t\t\t\t\t\t<\/div>\n\t\t\t\t<\/div>\n\t\t\t\t\t<\/div>\n\t\t\t\t<\/div>\n\t\t<div class=\"elementor-element elementor-element-cfe3a12 e-flex e-con-boxed e-con e-parent\" data-id=\"cfe3a12\" data-element_type=\"container\" data-settings=\"{&quot;background_background&quot;:&quot;classic&quot;}\">\n\t\t\t\t\t<div class=\"e-con-inner\">\n\t\t\t\t<div class=\"elementor-element elementor-element-fbdfc58 elementor-widget elementor-widget-menu-anchor\" data-id=\"fbdfc58\" data-element_type=\"widget\" data-widget_type=\"menu-anchor.default\">\n\t\t\t\t<div class=\"elementor-widget-container\">\n\t\t\t\t\t\t\t<div class=\"elementor-menu-anchor\" id=\"Option-3\"><\/div>\n\t\t\t\t\t\t<\/div>\n\t\t\t\t<\/div>\n\t\t\t\t<div class=\"elementor-element elementor-element-2f1da77e elementor-widget__width-inherit elementor-widget elementor-widget-text-editor\" data-id=\"2f1da77e\" data-element_type=\"widget\" data-widget_type=\"text-editor.default\">\n\t\t\t\t<div class=\"elementor-widget-container\">\n\t\t\t\t\t\t\t\t\t<h3 dir=\"ltr\">\u00a0<\/h3><h3 dir=\"ltr\"><strong>Option 3. Visit to the construction works of the extension of Barcelona Metro Line 8<\/strong><\/h3><p>The extension of the L8 line of FGC (Baix Llobregat Metro) will connect Pla\u00e7a Espanya with Gr\u00e0cia, creating 4 km of new tunnel and three new stations (Hospital Cl\u00ednic, Francesc Maci\u00e0, and Gr\u00e0cia) to link the Llobregat and Vall\u00e8s lines. This project will improve connectivity between the metro and the tram system. The construction uses sequential excavation and TBM sections, deep diaphragm-wall stations with soft-eyes with GFRP reinforcement. The visit will cover one of the stations under construction.<\/p><p><strong><em>Visit not accessible for people with reduced mobility.<\/em><\/strong><\/p><p><strong>Max. 25 people<\/strong> (in case of overbooking, the first 25 registrations will be considered)<\/p>\t\t\t\t\t\t\t\t<\/div>\n\t\t\t\t<\/div>\n\t\t\t\t\t<\/div>\n\t\t\t\t<\/div>\n\t\t<div class=\"elementor-element elementor-element-2ae88027 e-flex e-con-boxed e-con e-parent\" data-id=\"2ae88027\" data-element_type=\"container\" data-settings=\"{&quot;background_background&quot;:&quot;classic&quot;}\">\n\t\t\t\t\t<div class=\"e-con-inner\">\n\t\t\t\t<div class=\"elementor-element elementor-element-72e86a69 elementor-widget elementor-widget-spacer\" data-id=\"72e86a69\" data-element_type=\"widget\" data-widget_type=\"spacer.default\">\n\t\t\t\t<div class=\"elementor-widget-container\">\n\t\t\t\t\t\t\t<div class=\"elementor-spacer\">\n\t\t\t<div class=\"elementor-spacer-inner\"><\/div>\n\t\t<\/div>\n\t\t\t\t\t\t<\/div>\n\t\t\t\t<\/div>\n\t\t\t\t\t<\/div>\n\t\t\t\t<\/div>\n\t\t<div class=\"elementor-element elementor-element-75bb0f96 e-flex e-con-boxed e-con e-parent\" data-id=\"75bb0f96\" data-element_type=\"container\" data-settings=\"{&quot;background_background&quot;:&quot;classic&quot;}\">\n\t\t\t\t\t<div class=\"e-con-inner\">\n\t\t\t\t<div class=\"elementor-element elementor-element-3bf6cec elementor-widget elementor-widget-menu-anchor\" data-id=\"3bf6cec\" data-element_type=\"widget\" data-widget_type=\"menu-anchor.default\">\n\t\t\t\t<div class=\"elementor-widget-container\">\n\t\t\t\t\t\t\t<div class=\"elementor-menu-anchor\" id=\"Option-4\"><\/div>\n\t\t\t\t\t\t<\/div>\n\t\t\t\t<\/div>\n\t\t\t\t<div class=\"elementor-element elementor-element-197a7981 elementor-widget__width-inherit elementor-widget elementor-widget-text-editor\" data-id=\"197a7981\" data-element_type=\"widget\" data-widget_type=\"text-editor.default\">\n\t\t\t\t<div class=\"elementor-widget-container\">\n\t\t\t\t\t\t\t\t\t<h3 dir=\"ltr\">\u00a0<\/h3><h3 dir=\"ltr\"><strong>Option 4. Visit to the construction works of Barcelona Metro Line 9<\/strong><\/h3><p>The Barcelona Metro Line 9 is one of the most ambitious underground infrastructure projects in Europe, notable for its large-diameter deep tunnel (12 m) and fully automated operation. Its construction showcases advanced tunneling techniques, including the use of high-performance tunnel boring machines operating at significant depths, as well as innovative station designs with large vertical shafts. The project offers valuable insights into complex geotechnical conditions, long tunnel logistics, and the integration of construction with automated transport systems. The visit will include a general overview of the design and construction of the line and a visit to one of the stations under construction.<\/p><p><strong><em>Visit not accessible for people with reduced mobility.<\/em><\/strong><\/p><p><strong>Max. 25 people <\/strong>(in case of overbooking, the first 25 inscriptions will be considered)<\/p>\t\t\t\t\t\t\t\t<\/div>\n\t\t\t\t<\/div>\n\t\t\t\t<div class=\"elementor-element elementor-element-749cf0be elementor-widget__width-initial elementor-widget elementor-widget-image\" data-id=\"749cf0be\" data-element_type=\"widget\" data-widget_type=\"image.default\">\n\t\t\t\t<div class=\"elementor-widget-container\">\n\t\t\t\t\t\t\t\t\t\t\t\t<figure class=\"wp-caption\">\n\t\t\t\t\t\t\t\t\t\t<img decoding=\"async\" width=\"800\" height=\"366\" src=\"https:\/\/frprcs17.com\/wp-content\/uploads\/2026\/05\/metro.jpg\" class=\"attachment-large size-large wp-image-2678\" alt=\"\" \/>\t\t\t\t\t\t\t\t\t\t\t<figcaption class=\"widget-image-caption wp-caption-text\">Barcelona Metro Line 9<\/figcaption>\n\t\t\t\t\t\t\t\t\t\t<\/figure>\n\t\t\t\t\t\t\t\t\t<\/div>\n\t\t\t\t<\/div>\n\t\t\t\t\t<\/div>\n\t\t\t\t<\/div>\n\t\t<div class=\"elementor-element elementor-element-e3e509c e-flex e-con-boxed e-con e-parent\" data-id=\"e3e509c\" data-element_type=\"container\" data-settings=\"{&quot;background_background&quot;:&quot;classic&quot;}\">\n\t\t\t\t\t<div class=\"e-con-inner\">\n\t\t\t\t<div class=\"elementor-element elementor-element-5a93ab7f elementor-widget__width-inherit elementor-widget elementor-widget-text-editor\" data-id=\"5a93ab7f\" data-element_type=\"widget\" data-widget_type=\"text-editor.default\">\n\t\t\t\t<div class=\"elementor-widget-container\">\n\t\t\t\t\t\t\t\t\t<h3 dir=\"ltr\">\u00a0<\/h3><h3 dir=\"ltr\"><strong>Where to stay in Barcelona<\/strong><\/h3>\t\t\t\t\t\t\t\t<\/div>\n\t\t\t\t<\/div>\n\t\t\t\t\t<\/div>\n\t\t\t\t<\/div>\n\t\t<div class=\"elementor-element elementor-element-1b3002bc e-flex e-con-boxed e-con e-parent\" data-id=\"1b3002bc\" data-element_type=\"container\" data-settings=\"{&quot;background_background&quot;:&quot;classic&quot;}\">\n\t\t\t\t\t<div class=\"e-con-inner\">\n\t\t\t\t<div class=\"elementor-element elementor-element-2a827b9f elementor-widget elementor-widget-n-accordion\" data-id=\"2a827b9f\" data-element_type=\"widget\" data-settings=\"{&quot;default_state&quot;:&quot;all_collapsed&quot;,&quot;max_items_expended&quot;:&quot;one&quot;,&quot;n_accordion_animation_duration&quot;:{&quot;unit&quot;:&quot;ms&quot;,&quot;size&quot;:400,&quot;sizes&quot;:[]}}\" data-widget_type=\"nested-accordion.default\">\n\t\t\t\t<div class=\"elementor-widget-container\">\n\t\t\t\t\t\t\t<div class=\"e-n-accordion\" aria-label=\"Accordion. Open links with Enter or Space, close with Escape, and navigate with Arrow Keys\">\n\t\t\t\t\t\t<details id=\"e-n-accordion-item-7130\" class=\"e-n-accordion-item\" >\n\t\t\t\t<summary class=\"e-n-accordion-item-title\" data-accordion-index=\"1\" tabindex=\"0\" aria-expanded=\"false\" aria-controls=\"e-n-accordion-item-7130\" >\n\t\t\t\t\t<span class='e-n-accordion-item-title-header'><div class=\"e-n-accordion-item-title-text\"> Close to fib TG 5.1 venue (Universitat Polit\u00e8cnica de Catalunya (UPC), Campus Nord) <\/div><\/span>\n\t\t\t\t\t\t\t<span class='e-n-accordion-item-title-icon'>\n\t\t\t<span class='e-opened' ><svg aria-hidden=\"true\" class=\"e-font-icon-svg e-fas-minus\" viewBox=\"0 0 448 512\" xmlns=\"http:\/\/www.w3.org\/2000\/svg\"><path d=\"M416 208H32c-17.67 0-32 14.33-32 32v32c0 17.67 14.33 32 32 32h384c17.67 0 32-14.33 32-32v-32c0-17.67-14.33-32-32-32z\"><\/path><\/svg><\/span>\n\t\t\t<span class='e-closed'><svg aria-hidden=\"true\" class=\"e-font-icon-svg e-fas-plus\" viewBox=\"0 0 448 512\" xmlns=\"http:\/\/www.w3.org\/2000\/svg\"><path d=\"M416 208H272V64c0-17.67-14.33-32-32-32h-32c-17.67 0-32 14.33-32 32v144H32c-17.67 0-32 14.33-32 32v32c0 17.67 14.33 32 32 32h144v144c0 17.67 14.33 32 32 32h32c17.67 0 32-14.33 32-32V304h144c17.67 0 32-14.33 32-32v-32c0-17.67-14.33-32-32-32z\"><\/path><\/svg><\/span>\n\t\t<\/span>\n\n\t\t\t\t\t\t<\/summary>\n\t\t\t\t<div role=\"region\" aria-labelledby=\"e-n-accordion-item-7130\" class=\"elementor-element elementor-element-a814d44 e-con-full e-flex e-con e-child\" data-id=\"a814d44\" data-element_type=\"container\">\n\t\t\t\t<div class=\"elementor-element elementor-element-70fbd4af elementor-widget elementor-widget-text-editor\" data-id=\"70fbd4af\" data-element_type=\"widget\" data-widget_type=\"text-editor.default\">\n\t\t\t\t<div class=\"elementor-widget-container\">\n\t\t\t\t\t\t\t\t\t<p><strong>Resid\u00e8ncia RESA Torre Girona<\/strong><br \/>8 minutes walking to UPC<br \/>Passeig dels Til\u00b7lers, 19<br \/>Phone:<strong>\u00a0<\/strong>+ 34 933 90 43 00<\/p><p>Single studio 73 \u20ac per night \/ Comfort twin studio 103 \u20ac per night \/ Executive twin studio 111 \u20ac per night. Get a <strong>discount<\/strong> using\u00a0 the code <strong>UPC<\/strong><\/p><p><a href=\"https:\/\/resa.es\/en\/residences\/barcelona\/torre-girona\/\" target=\"_blank\" rel=\"noopener\">https:\/\/resa.es\/en\/residences\/barcelona\/torre-girona\/<\/a><\/p><p><strong>Hotel Arenas Atiram <\/strong><strong>(****)<br \/><\/strong>20 minutes walking to UPC<br \/>Capit\u00e1n Arenas, 20<br \/>Phone: + 34 93 2 80 03 03<br \/><a href=\"https:\/\/arenas.atiramhotels.com\/\" target=\"_blank\" rel=\"noopener\">https:\/\/arenas.atiramhotels.com\/<\/a><\/p><p><strong>10% discount <\/strong>with the code<strong> UPCGUEST <\/strong>at any Atiram hotel<\/p><p><strong>Hotel Atiram Tres Torres <\/strong><strong>(***)<br \/><\/strong>30 minutes walking to UPC<br \/>Calatrava 32<br \/>Phone: + 34 934 17 73 00<br \/><a href=\"https:\/\/trestorres.atiramhotels.com\/\" target=\"_blank\" rel=\"noopener\">https:\/\/trestorres.atiramhotels.com\/<\/a><\/p><p><strong>10% discount <\/strong>with the code<strong> UPCGUEST<\/strong><\/p><p><strong>Hotel Abba Garden (****)<br \/><\/strong>18 minutes walking to UPC<br \/>Santa Rosa 33<\/p><p>Approx. price: Individual room 115\u20ac, double room 135\u20ac including breakfast<\/p><p><a href=\"mailto:garden@abbahoteles.com\">garden@abbahoteles.com<\/a><br \/>Phone: +34935035454<br \/><a href=\"https:\/\/www.abbahoteles.com\/es\/abba-garden-hotel\/hotel\" target=\"_blank\" rel=\"noopener\">https:\/\/www.abbahoteles.com\/es\/abba-garden-hotel\/hotel<\/a><\/p><p>Possible<strong> discount <\/strong>(contact eva.oller@upc.edu)<\/p><p><strong>Hotel Sof\u00eda Grand Hyatt (*****)<br \/><\/strong>13 minutes walking to UPC<br \/>Pla\u00e7a Pius XII, 4<br \/>Phone: + 34 93 600 6983<\/p><p><a href=\"https:\/\/sofiabarcelona.com\/es\/\" target=\"_blank\" rel=\"noopener\">https:\/\/sofiabarcelona.com\/es\/<\/a><\/p><p><strong>Hotel Catalonia Rigoletto<br \/><\/strong>20 minutes walking to UPC<br \/>Sabino Arana 22-24<br \/>Phone: + 34 93 339 1999<br \/><a href=\"https:\/\/www.cataloniahotels.com\/ca\/hotel\/catalonia-rigoletto\" target=\"_blank\" rel=\"noopener\">https:\/\/www.cataloniahotels.com\/ca\/hotel\/catalonia-rigoletto<\/a><\/p><p><strong>Upper Diagonal Hotel (****)<br \/><\/strong>15 minutes walking to UPC<br \/>Passeig de Manuel Girona, 7<br \/>Phone:<strong>\u00a0<\/strong>+ 34 932 04 65 73<br \/><a href=\"https:\/\/www.hotel-upperdiagonal.com\/\" target=\"_blank\" rel=\"noopener\">https:\/\/www.hotel-upperdiagonal.com\/<\/a><\/p>\t\t\t\t\t\t\t\t<\/div>\n\t\t\t\t<\/div>\n\t\t\t\t<\/div>\n\t\t\t\t\t<\/details>\n\t\t\t\t\t\t<details id=\"e-n-accordion-item-7131\" class=\"e-n-accordion-item\" >\n\t\t\t\t<summary class=\"e-n-accordion-item-title\" data-accordion-index=\"2\" tabindex=\"-1\" aria-expanded=\"false\" aria-controls=\"e-n-accordion-item-7131\" >\n\t\t\t\t\t<span class='e-n-accordion-item-title-header'><div class=\"e-n-accordion-item-title-text\"> In the city center <\/div><\/span>\n\t\t\t\t\t\t\t<span class='e-n-accordion-item-title-icon'>\n\t\t\t<span class='e-opened' ><svg aria-hidden=\"true\" class=\"e-font-icon-svg e-fas-minus\" viewBox=\"0 0 448 512\" xmlns=\"http:\/\/www.w3.org\/2000\/svg\"><path d=\"M416 208H32c-17.67 0-32 14.33-32 32v32c0 17.67 14.33 32 32 32h384c17.67 0 32-14.33 32-32v-32c0-17.67-14.33-32-32-32z\"><\/path><\/svg><\/span>\n\t\t\t<span class='e-closed'><svg aria-hidden=\"true\" class=\"e-font-icon-svg e-fas-plus\" viewBox=\"0 0 448 512\" xmlns=\"http:\/\/www.w3.org\/2000\/svg\"><path d=\"M416 208H272V64c0-17.67-14.33-32-32-32h-32c-17.67 0-32 14.33-32 32v144H32c-17.67 0-32 14.33-32 32v32c0 17.67 14.33 32 32 32h144v144c0 17.67 14.33 32 32 32h32c17.67 0 32-14.33 32-32V304h144c17.67 0 32-14.33 32-32v-32c0-17.67-14.33-32-32-32z\"><\/path><\/svg><\/span>\n\t\t<\/span>\n\n\t\t\t\t\t\t<\/summary>\n\t\t\t\t<div role=\"region\" aria-labelledby=\"e-n-accordion-item-7131\" class=\"elementor-element elementor-element-2f6f2b0c e-con-full e-flex e-con e-child\" data-id=\"2f6f2b0c\" data-element_type=\"container\">\n\t\t\t\t<div class=\"elementor-element elementor-element-3d5ac7ac elementor-widget elementor-widget-text-editor\" data-id=\"3d5ac7ac\" data-element_type=\"widget\" data-widget_type=\"text-editor.default\">\n\t\t\t\t<div class=\"elementor-widget-container\">\n\t\t\t\t\t\t\t\t\t<p><strong>Hotel Praktik Bakery (<\/strong><strong>***)<br \/><\/strong>Carrer de Proven\u00e7a, 279, L&#8217;Eixample, 08037 Barcelona<br \/>Phone: +34 93 488 00 61<br \/><a href=\"https:\/\/www.hotelpraktikbakery.com\/en\" target=\"_blank\" rel=\"noopener\">https:\/\/www.hotelpraktikbakery.com\/en<\/a><\/p><p><strong>H10 Casa Mimosa (<\/strong><strong>**** Superior)<br \/><\/strong>Carrer de Pau Claris, 179, L&#8217;Eixample, 08037 Barcelona<br \/>Phone: +34 93 214 23 3<br \/><a href=\"https:\/\/www.h10hotels.com\/en\/barcelona-hotels\/h10-casa-mimosa\" target=\"_blank\" rel=\"noopener\">https:\/\/www.h10hotels.com\/en\/barcelona-hotels\/h10-casa-mimosa<\/a><\/p><p><strong>Hotel Olivia Balmes (<\/strong><strong>**** Superior)<br \/><\/strong>Carrer de Balmes, 117, L&#8217;Eixample, 08008 Barcelona<br \/>Phone: +34 93 214 41 63<br \/><a href=\"https:\/\/www.oliviabalmeshotel.com\/en\/\" target=\"_blank\" rel=\"noopener\">https:\/\/www.oliviabalmeshotel.com\/en\/<\/a><\/p><p><strong>NH Collection Barcelona Constanza (<\/strong><strong>****<\/strong>)<br \/>Carrer d&#8217;Enten\u00e7a, 316, Les Corts, 08029 Barcelona<br \/>Phone: +34 93 281 15 00<br \/>https:\/\/www.<a href=\"https:\/\/www.nh-hotels.com\/en\/hotel\/nh-collection-barcelona-constanza\" target=\"_blank\" rel=\"noopener\">nh-hotels.com\/en\/hotel\/nh-collection-barcelona-constanza<\/a><\/p><p><strong>Hotel Casa Fuster <\/strong><strong>(*****)<br \/><\/strong>Passeig de Gr\u00e0cia, 132, L&#8217;Eixample, 08008 Barcelona<br \/>Phone: +34 93 255 30 00<br \/><a href=\"https:\/\/www.hotelcasafuster.com\/en\/\" target=\"_blank\" rel=\"noopener\">https:\/\/www.hotelcasafuster.com\/en\/<\/a><\/p>\t\t\t\t\t\t\t\t<\/div>\n\t\t\t\t<\/div>\n\t\t\t\t<\/div>\n\t\t\t\t\t<\/details>\n\t\t\t\t\t<\/div>\n\t\t\t\t\t\t<\/div>\n\t\t\t\t<\/div>\n\t\t\t\t\t<\/div>\n\t\t\t\t<\/div>\n\t\t\t\t<\/div>\n\t\t","protected":false},"excerpt":{"rendered":"<p>Technical visits in Barcelona Wednesday July 8, 2026 Logistics &amp; luggage in Barcelona Bus transport will be arranged to take you from Girona Bus Station to your selected technical visit in Barcelona and will return to Girona at the end of the visit. Participants have the flexibility to either stay in Barcelona or return to&#8230;<\/p>\n","protected":false},"author":1,"featured_media":0,"parent":0,"menu_order":0,"comment_status":"closed","ping_status":"closed","template":"","meta":{"footnotes":""},"class_list":["post-2715","page","type-page","status-publish","hentry"],"_links":{"self":[{"href":"https:\/\/frprcs17.com\/index.php?rest_route=\/wp\/v2\/pages\/2715","targetHints":{"allow":["GET"]}}],"collection":[{"href":"https:\/\/frprcs17.com\/index.php?rest_route=\/wp\/v2\/pages"}],"about":[{"href":"https:\/\/frprcs17.com\/index.php?rest_route=\/wp\/v2\/types\/page"}],"author":[{"embeddable":true,"href":"https:\/\/frprcs17.com\/index.php?rest_route=\/wp\/v2\/users\/1"}],"replies":[{"embeddable":true,"href":"https:\/\/frprcs17.com\/index.php?rest_route=%2Fwp%2Fv2%2Fcomments&post=2715"}],"version-history":[{"count":10,"href":"https:\/\/frprcs17.com\/index.php?rest_route=\/wp\/v2\/pages\/2715\/revisions"}],"predecessor-version":[{"id":2726,"href":"https:\/\/frprcs17.com\/index.php?rest_route=\/wp\/v2\/pages\/2715\/revisions\/2726"}],"wp:attachment":[{"href":"https:\/\/frprcs17.com\/index.php?rest_route=%2Fwp%2Fv2%2Fmedia&parent=2715"}],"curies":[{"name":"wp","href":"https:\/\/api.w.org\/{rel}","templated":true}]}}